
{"id":1239,"date":"2023-10-26T16:22:49","date_gmt":"2023-10-26T20:22:49","guid":{"rendered":"http:\/\/golf-st-zotique.local\/?page_id=1239"},"modified":"2025-03-28T08:37:59","modified_gmt":"2025-03-28T12:37:59","slug":"home-2","status":"publish","type":"page","link":"https:\/\/golfst-zotique.qc.ca\/en\/","title":{"rendered":"Home"},"content":{"rendered":"\t\t<div data-elementor-type=\"wp-page\" data-elementor-id=\"1239\" class=\"elementor elementor-1239 elementor-328\" data-elementor-post-type=\"page\">\n\t\t\t\t\t\t<section class=\"elementor-section elementor-top-section elementor-element elementor-element-ec266a1 elementor-section-boxed elementor-section-height-default elementor-section-height-default\" data-id=\"ec266a1\" data-element_type=\"section\" data-e-type=\"section\">\n\t\t\t\t\t\t<div class=\"elementor-container elementor-column-gap-default\">\n\t\t\t\t\t<div class=\"elementor-column elementor-col-100 elementor-top-column elementor-element elementor-element-e481245\" data-id=\"e481245\" data-element_type=\"column\" data-e-type=\"column\">\n\t\t\t<div class=\"elementor-widget-wrap elementor-element-populated\">\n\t\t\t\t\t\t<div class=\"elementor-element elementor-element-9644e33 elementor-widget elementor-widget-heading\" data-id=\"9644e33\" data-element_type=\"widget\" data-e-type=\"widget\" data-widget_type=\"heading.default\">\n\t\t\t\t<div class=\"elementor-widget-container\">\n\t\t\t\t\t<h2 class=\"elementor-heading-title elementor-size-default\">POUR UNE UTILISATION RESPONSABLE DE L\u2019EAU<\/h2>\t\t\t\t<\/div>\n\t\t\t\t<\/div>\n\t\t\t\t\t<\/div>\n\t\t<\/div>\n\t\t\t\t\t<\/div>\n\t\t<\/section>\n\t\t\t\t<section class=\"elementor-section elementor-top-section elementor-element elementor-element-614a3bd elementor-section-boxed elementor-section-height-default elementor-section-height-default\" data-id=\"614a3bd\" data-element_type=\"section\" data-e-type=\"section\">\n\t\t\t\t\t\t<div class=\"elementor-container elementor-column-gap-default\">\n\t\t\t\t\t<div class=\"elementor-column elementor-col-100 elementor-top-column elementor-element elementor-element-968ca66\" data-id=\"968ca66\" data-element_type=\"column\" data-e-type=\"column\">\n\t\t\t<div class=\"elementor-widget-wrap elementor-element-populated\">\n\t\t\t\t\t\t<div class=\"elementor-element elementor-element-1958fdd elementor-widget elementor-widget-heading\" data-id=\"1958fdd\" data-element_type=\"widget\" data-e-type=\"widget\" data-widget_type=\"heading.default\">\n\t\t\t\t<div class=\"elementor-widget-container\">\n\t\t\t\t\t<h2 class=\"elementor-heading-title elementor-size-default\">Historique<\/h2>\t\t\t\t<\/div>\n\t\t\t\t<\/div>\n\t\t\t\t<div class=\"elementor-element elementor-element-b248027 elementor-widget elementor-widget-text-editor\" data-id=\"b248027\" data-element_type=\"widget\" data-e-type=\"widget\" data-widget_type=\"text-editor.default\">\n\t\t\t\t<div class=\"elementor-widget-container\">\n\t\t\t\t\t\t\t\t\tLa R\u00e9gie Intermunicipale d\u2019Aqueduc de Vall\u00e9e de Ch\u00e2teauguay a \u00e9t\u00e9 cr\u00e9\u00e9e au d\u00e9but des ann\u00e9es 1970, \u00e0 la suite d\u2019une catastrophe environnementale. En 1968, une entreprise a \u00e9t\u00e9 autoris\u00e9e \u00e0 d\u00e9verser ses d\u00e9chets p\u00e9trochimiques dans une ancienne carri\u00e8re \u00e0 gravier, contaminant ainsi des dizaines de kilom\u00e8tres carr\u00e9s de nappe phr\u00e9atique. La Ville de Mercier ne pouvant plus utiliser ses puits en raison de cette contamination, le gouvernement du Qu\u00e9bec a alors pris les mesures n\u00e9cessaires pour raccorder le r\u00e9seau de Mercier \u00e0 celui de la Ville de Ch\u00e2teauguay. Aujourd\u2019hui, gr\u00e2ce aux deux r\u00e9servoirs du r\u00e9seau, la ville de Mercier et les municipalit\u00e9s de Sainte-Martine, de Saint-Isidore et de Saint-Urbain-Premier sont aliment\u00e9es en eau potable par la RIAVC en vertu d\u2019une entente intermunicipale datant des ann\u00e9es 1980.\t\t\t\t\t\t\t\t<\/div>\n\t\t\t\t<\/div>\n\t\t\t\t\t<\/div>\n\t\t<\/div>\n\t\t\t\t\t<\/div>\n\t\t<\/section>\n\t\t\t\t<section class=\"elementor-section elementor-top-section elementor-element elementor-element-b6183c2 elementor-section-boxed elementor-section-height-default elementor-section-height-default\" data-id=\"b6183c2\" data-element_type=\"section\" data-e-type=\"section\">\n\t\t\t\t\t\t<div class=\"elementor-container elementor-column-gap-default\">\n\t\t\t\t\t<div class=\"elementor-column elementor-col-100 elementor-top-column elementor-element elementor-element-f34b60a\" data-id=\"f34b60a\" data-element_type=\"column\" data-e-type=\"column\">\n\t\t\t<div class=\"elementor-widget-wrap elementor-element-populated\">\n\t\t\t\t\t\t<div class=\"elementor-element elementor-element-c0c2b70 elementor-widget elementor-widget-heading\" data-id=\"c0c2b70\" data-element_type=\"widget\" data-e-type=\"widget\" data-widget_type=\"heading.default\">\n\t\t\t\t<div class=\"elementor-widget-container\">\n\t\t\t\t\t<h2 class=\"elementor-heading-title elementor-size-default\">Mission<\/h2>\t\t\t\t<\/div>\n\t\t\t\t<\/div>\n\t\t\t\t<div class=\"elementor-element elementor-element-273ce42 elementor-widget elementor-widget-text-editor\" data-id=\"273ce42\" data-element_type=\"widget\" data-e-type=\"widget\" data-widget_type=\"text-editor.default\">\n\t\t\t\t<div class=\"elementor-widget-container\">\n\t\t\t\t\t\t\t\t\tLa R\u00e9gie Intermunicipale d\u2019Aqueduc de Vall\u00e9e de Ch\u00e2teauguay a \u00e9t\u00e9 cr\u00e9\u00e9e au d\u00e9but des ann\u00e9es 1970, \u00e0 la suite d\u2019une catastrophe environnementale. En 1968, une entreprise a \u00e9t\u00e9 autoris\u00e9e \u00e0 d\u00e9verser ses d\u00e9chets p\u00e9trochimiques dans une ancienne carri\u00e8re \u00e0 gravier, contaminant ainsi des dizaines de kilom\u00e8tres carr\u00e9s de nappe phr\u00e9atique. La Ville de Mercier ne pouvant plus utiliser ses puits en raison de cette contamination, le gouvernement du Qu\u00e9bec a alors pris les mesures n\u00e9cessaires pour raccorder le r\u00e9seau de Mercier \u00e0 celui de la Ville de Ch\u00e2teauguay. Aujourd\u2019hui, gr\u00e2ce aux deux r\u00e9servoirs du r\u00e9seau, la ville de Mercier et les municipalit\u00e9s de Sainte-Martine, de Saint-Isidore et de Saint-Urbain-Premier sont aliment\u00e9es en eau potable par la RIAVC en vertu d\u2019une entente intermunicipale datant des ann\u00e9es 1980.\t\t\t\t\t\t\t\t<\/div>\n\t\t\t\t<\/div>\n\t\t\t\t\t<\/div>\n\t\t<\/div>\n\t\t\t\t\t<\/div>\n\t\t<\/section>\n\t\t\t\t<section class=\"elementor-section elementor-top-section elementor-element elementor-element-6b7d774 elementor-section-boxed elementor-section-height-default elementor-section-height-default\" data-id=\"6b7d774\" data-element_type=\"section\" data-e-type=\"section\">\n\t\t\t\t\t\t<div class=\"elementor-container elementor-column-gap-default\">\n\t\t\t\t\t<div class=\"elementor-column elementor-col-100 elementor-top-column elementor-element elementor-element-61ec23d\" data-id=\"61ec23d\" data-element_type=\"column\" data-e-type=\"column\">\n\t\t\t<div class=\"elementor-widget-wrap elementor-element-populated\">\n\t\t\t\t\t\t<div class=\"elementor-element elementor-element-a8ef6b4 elementor-widget elementor-widget-heading\" data-id=\"a8ef6b4\" data-element_type=\"widget\" data-e-type=\"widget\" data-widget_type=\"heading.default\">\n\t\t\t\t<div class=\"elementor-widget-container\">\n\t\t\t\t\t<h2 class=\"elementor-heading-title elementor-size-default\">Vision<\/h2>\t\t\t\t<\/div>\n\t\t\t\t<\/div>\n\t\t\t\t<div class=\"elementor-element elementor-element-ba32aee elementor-widget elementor-widget-text-editor\" data-id=\"ba32aee\" data-element_type=\"widget\" data-e-type=\"widget\" data-widget_type=\"text-editor.default\">\n\t\t\t\t<div class=\"elementor-widget-container\">\n\t\t\t\t\t\t\t\t\tLa R\u00e9gie Intermunicipale d\u2019Aqueduc de Vall\u00e9e de Ch\u00e2teauguay a \u00e9t\u00e9 cr\u00e9\u00e9e au d\u00e9but des ann\u00e9es 1970, \u00e0 la suite d\u2019une catastrophe environnementale. En 1968, une entreprise a \u00e9t\u00e9 autoris\u00e9e \u00e0 d\u00e9verser ses d\u00e9chets p\u00e9trochimiques dans une ancienne carri\u00e8re \u00e0 gravier, contaminant ainsi des dizaines de kilom\u00e8tres carr\u00e9s de nappe phr\u00e9atique. La Ville de Mercier ne pouvant plus utiliser ses puits en raison de cette contamination, le gouvernement du Qu\u00e9bec a alors pris les mesures n\u00e9cessaires pour raccorder le r\u00e9seau de Mercier \u00e0 celui de la Ville de Ch\u00e2teauguay. Aujourd\u2019hui, gr\u00e2ce aux deux r\u00e9servoirs du r\u00e9seau, la ville de Mercier et les municipalit\u00e9s de Sainte-Martine, de Saint-Isidore et de Saint-Urbain-Premier sont aliment\u00e9es en eau potable par la RIAVC en vertu d\u2019une entente intermunicipale datant des ann\u00e9es 1980.\t\t\t\t\t\t\t\t<\/div>\n\t\t\t\t<\/div>\n\t\t\t\t\t<\/div>\n\t\t<\/div>\n\t\t\t\t\t<\/div>\n\t\t<\/section>\n\t\t\t\t<\/div>\n\t\t","protected":false},"excerpt":{"rendered":"<p> [&#8230;]<\/p>\n<p><a class=\"btn btn-secondary understrap-read-more-link\" href=\"https:\/\/golfst-zotique.qc.ca\/en\/\">Read More&#8230;<span class=\"screen-reader-text\"> from Home<\/span><\/a><\/p>\n","protected":false},"author":9,"featured_media":1405,"parent":0,"menu_order":0,"comment_status":"closed","ping_status":"closed","template":"page-templates\/home.php","meta":{"_acf_changed":false,"inline_featured_image":false,"footnotes":""},"class_list":["post-1239","page","type-page","status-publish","has-post-thumbnail","hentry"],"acf":[],"yoast_head":"<!-- This site is optimized with the Yoast SEO plugin v27.2 - https:\/\/yoast.com\/product\/yoast-seo-wordpress\/ -->\n<title>Home | Why join a golf club | Club de golf Banlieue Ouest<\/title>\n<meta name=\"description\" content=\"Club de golf Banlieue Ouest, two exceptional golf courses in Saint-Zotique and Rivi\u00e8re-Beaudette. Why you should join a golf club!\" \/>\n<meta name=\"robots\" content=\"index, follow, max-snippet:-1, max-image-preview:large, max-video-preview:-1\" \/>\n<link rel=\"canonical\" href=\"https:\/\/golfst-zotique.qc.ca\/en\/\" \/>\n<meta property=\"og:locale\" content=\"en_US\" \/>\n<meta property=\"og:type\" content=\"article\" \/>\n<meta property=\"og:title\" content=\"Home | Why join a golf club | Club de golf Banlieue Ouest\" \/>\n<meta property=\"og:description\" content=\"Club de golf Banlieue Ouest, two exceptional golf courses in Saint-Zotique and Rivi\u00e8re-Beaudette. Why you should join a golf club!\" \/>\n<meta property=\"og:url\" content=\"https:\/\/golfst-zotique.qc.ca\/en\/\" \/>\n<meta property=\"og:site_name\" content=\"Club de Golf St-Zotique\" \/>\n<meta property=\"article:modified_time\" content=\"2025-03-28T12:37:59+00:00\" \/>\n<meta property=\"og:image\" content=\"https:\/\/golfst-zotique.qc.ca\/wp-content\/uploads\/2023\/11\/golf-st-zotique-logo.jpg\" \/>\n\t<meta property=\"og:image:width\" content=\"500\" \/>\n\t<meta property=\"og:image:height\" content=\"500\" \/>\n\t<meta property=\"og:image:type\" content=\"image\/jpeg\" \/>\n<meta name=\"twitter:card\" content=\"summary_large_image\" \/>\n<meta name=\"twitter:label1\" content=\"Est. reading time\" \/>\n\t<meta name=\"twitter:data1\" content=\"1 minute\" \/>\n<script type=\"application\/ld+json\" class=\"yoast-schema-graph\">{\"@context\":\"https:\/\/schema.org\",\"@graph\":[{\"@type\":\"WebPage\",\"@id\":\"https:\/\/golfst-zotique.qc.ca\/en\/\",\"url\":\"https:\/\/golfst-zotique.qc.ca\/en\/\",\"name\":\"Home | Why join a golf club | Club de golf Banlieue Ouest\",\"isPartOf\":{\"@id\":\"https:\/\/golfst-zotique.qc.ca\/en\/#website\"},\"primaryImageOfPage\":{\"@id\":\"https:\/\/golfst-zotique.qc.ca\/en\/#primaryimage\"},\"image\":{\"@id\":\"https:\/\/golfst-zotique.qc.ca\/en\/#primaryimage\"},\"thumbnailUrl\":\"https:\/\/golfst-zotique.qc.ca\/wp-content\/uploads\/2023\/11\/golf-st-zotique-logo.jpg\",\"datePublished\":\"2023-10-26T20:22:49+00:00\",\"dateModified\":\"2025-03-28T12:37:59+00:00\",\"description\":\"Club de golf Banlieue Ouest, two exceptional golf courses in Saint-Zotique and Rivi\u00e8re-Beaudette. Why you should join a golf club!\",\"breadcrumb\":{\"@id\":\"https:\/\/golfst-zotique.qc.ca\/en\/#breadcrumb\"},\"inLanguage\":\"en-US\",\"potentialAction\":[{\"@type\":\"ReadAction\",\"target\":[\"https:\/\/golfst-zotique.qc.ca\/en\/\"]}]},{\"@type\":\"ImageObject\",\"inLanguage\":\"en-US\",\"@id\":\"https:\/\/golfst-zotique.qc.ca\/en\/#primaryimage\",\"url\":\"https:\/\/golfst-zotique.qc.ca\/wp-content\/uploads\/2023\/11\/golf-st-zotique-logo.jpg\",\"contentUrl\":\"https:\/\/golfst-zotique.qc.ca\/wp-content\/uploads\/2023\/11\/golf-st-zotique-logo.jpg\",\"width\":500,\"height\":500,\"caption\":\"golf-st-zotique-logo\"},{\"@type\":\"BreadcrumbList\",\"@id\":\"https:\/\/golfst-zotique.qc.ca\/en\/#breadcrumb\",\"itemListElement\":[{\"@type\":\"ListItem\",\"position\":1,\"name\":\"Accueil\",\"item\":\"https:\/\/golfst-zotique.qc.ca\/en\/\"},{\"@type\":\"ListItem\",\"position\":2,\"name\":\"Home\"}]},{\"@type\":\"WebSite\",\"@id\":\"https:\/\/golfst-zotique.qc.ca\/en\/#website\",\"url\":\"https:\/\/golfst-zotique.qc.ca\/en\/\",\"name\":\"Club de Golf St-Zotique\",\"description\":\"\",\"publisher\":{\"@id\":\"https:\/\/golfst-zotique.qc.ca\/en\/#organization\"},\"potentialAction\":[{\"@type\":\"SearchAction\",\"target\":{\"@type\":\"EntryPoint\",\"urlTemplate\":\"https:\/\/golfst-zotique.qc.ca\/en\/?s={search_term_string}\"},\"query-input\":{\"@type\":\"PropertyValueSpecification\",\"valueRequired\":true,\"valueName\":\"search_term_string\"}}],\"inLanguage\":\"en-US\"},{\"@type\":\"Organization\",\"@id\":\"https:\/\/golfst-zotique.qc.ca\/en\/#organization\",\"name\":\"Club de Golf St-Zotique\",\"url\":\"https:\/\/golfst-zotique.qc.ca\/en\/\",\"logo\":{\"@type\":\"ImageObject\",\"inLanguage\":\"en-US\",\"@id\":\"https:\/\/golfst-zotique.qc.ca\/en\/#\/schema\/logo\/image\/\",\"url\":\"https:\/\/golfst-zotique.qc.ca\/wp-content\/uploads\/2023\/08\/Logo_Golf_St-Zotique-TRANSPARENT.svg\",\"contentUrl\":\"https:\/\/golfst-zotique.qc.ca\/wp-content\/uploads\/2023\/08\/Logo_Golf_St-Zotique-TRANSPARENT.svg\",\"caption\":\"Club de Golf St-Zotique\"},\"image\":{\"@id\":\"https:\/\/golfst-zotique.qc.ca\/en\/#\/schema\/logo\/image\/\"}}]}<\/script>\n<!-- \/ Yoast SEO plugin. -->","yoast_head_json":{"title":"Home | Why join a golf club | Club de golf Banlieue Ouest","description":"Club de golf Banlieue Ouest, two exceptional golf courses in Saint-Zotique and Rivi\u00e8re-Beaudette. Why you should join a golf club!","robots":{"index":"index","follow":"follow","max-snippet":"max-snippet:-1","max-image-preview":"max-image-preview:large","max-video-preview":"max-video-preview:-1"},"canonical":"https:\/\/golfst-zotique.qc.ca\/en\/","og_locale":"en_US","og_type":"article","og_title":"Home | Why join a golf club | Club de golf Banlieue Ouest","og_description":"Club de golf Banlieue Ouest, two exceptional golf courses in Saint-Zotique and Rivi\u00e8re-Beaudette. Why you should join a golf club!","og_url":"https:\/\/golfst-zotique.qc.ca\/en\/","og_site_name":"Club de Golf St-Zotique","article_modified_time":"2025-03-28T12:37:59+00:00","og_image":[{"width":500,"height":500,"url":"https:\/\/golfst-zotique.qc.ca\/wp-content\/uploads\/2023\/11\/golf-st-zotique-logo.jpg","type":"image\/jpeg"}],"twitter_card":"summary_large_image","twitter_misc":{"Est. reading time":"1 minute"},"schema":{"@context":"https:\/\/schema.org","@graph":[{"@type":"WebPage","@id":"https:\/\/golfst-zotique.qc.ca\/en\/","url":"https:\/\/golfst-zotique.qc.ca\/en\/","name":"Home | Why join a golf club | Club de golf Banlieue Ouest","isPartOf":{"@id":"https:\/\/golfst-zotique.qc.ca\/en\/#website"},"primaryImageOfPage":{"@id":"https:\/\/golfst-zotique.qc.ca\/en\/#primaryimage"},"image":{"@id":"https:\/\/golfst-zotique.qc.ca\/en\/#primaryimage"},"thumbnailUrl":"https:\/\/golfst-zotique.qc.ca\/wp-content\/uploads\/2023\/11\/golf-st-zotique-logo.jpg","datePublished":"2023-10-26T20:22:49+00:00","dateModified":"2025-03-28T12:37:59+00:00","description":"Club de golf Banlieue Ouest, two exceptional golf courses in Saint-Zotique and Rivi\u00e8re-Beaudette. Why you should join a golf club!","breadcrumb":{"@id":"https:\/\/golfst-zotique.qc.ca\/en\/#breadcrumb"},"inLanguage":"en-US","potentialAction":[{"@type":"ReadAction","target":["https:\/\/golfst-zotique.qc.ca\/en\/"]}]},{"@type":"ImageObject","inLanguage":"en-US","@id":"https:\/\/golfst-zotique.qc.ca\/en\/#primaryimage","url":"https:\/\/golfst-zotique.qc.ca\/wp-content\/uploads\/2023\/11\/golf-st-zotique-logo.jpg","contentUrl":"https:\/\/golfst-zotique.qc.ca\/wp-content\/uploads\/2023\/11\/golf-st-zotique-logo.jpg","width":500,"height":500,"caption":"golf-st-zotique-logo"},{"@type":"BreadcrumbList","@id":"https:\/\/golfst-zotique.qc.ca\/en\/#breadcrumb","itemListElement":[{"@type":"ListItem","position":1,"name":"Accueil","item":"https:\/\/golfst-zotique.qc.ca\/en\/"},{"@type":"ListItem","position":2,"name":"Home"}]},{"@type":"WebSite","@id":"https:\/\/golfst-zotique.qc.ca\/en\/#website","url":"https:\/\/golfst-zotique.qc.ca\/en\/","name":"Club de Golf St-Zotique","description":"","publisher":{"@id":"https:\/\/golfst-zotique.qc.ca\/en\/#organization"},"potentialAction":[{"@type":"SearchAction","target":{"@type":"EntryPoint","urlTemplate":"https:\/\/golfst-zotique.qc.ca\/en\/?s={search_term_string}"},"query-input":{"@type":"PropertyValueSpecification","valueRequired":true,"valueName":"search_term_string"}}],"inLanguage":"en-US"},{"@type":"Organization","@id":"https:\/\/golfst-zotique.qc.ca\/en\/#organization","name":"Club de Golf St-Zotique","url":"https:\/\/golfst-zotique.qc.ca\/en\/","logo":{"@type":"ImageObject","inLanguage":"en-US","@id":"https:\/\/golfst-zotique.qc.ca\/en\/#\/schema\/logo\/image\/","url":"https:\/\/golfst-zotique.qc.ca\/wp-content\/uploads\/2023\/08\/Logo_Golf_St-Zotique-TRANSPARENT.svg","contentUrl":"https:\/\/golfst-zotique.qc.ca\/wp-content\/uploads\/2023\/08\/Logo_Golf_St-Zotique-TRANSPARENT.svg","caption":"Club de Golf St-Zotique"},"image":{"@id":"https:\/\/golfst-zotique.qc.ca\/en\/#\/schema\/logo\/image\/"}}]}},"_links":{"self":[{"href":"https:\/\/golfst-zotique.qc.ca\/en\/wp-json\/wp\/v2\/pages\/1239","targetHints":{"allow":["GET"]}}],"collection":[{"href":"https:\/\/golfst-zotique.qc.ca\/en\/wp-json\/wp\/v2\/pages"}],"about":[{"href":"https:\/\/golfst-zotique.qc.ca\/en\/wp-json\/wp\/v2\/types\/page"}],"author":[{"embeddable":true,"href":"https:\/\/golfst-zotique.qc.ca\/en\/wp-json\/wp\/v2\/users\/9"}],"replies":[{"embeddable":true,"href":"https:\/\/golfst-zotique.qc.ca\/en\/wp-json\/wp\/v2\/comments?post=1239"}],"version-history":[{"count":10,"href":"https:\/\/golfst-zotique.qc.ca\/en\/wp-json\/wp\/v2\/pages\/1239\/revisions"}],"predecessor-version":[{"id":1957,"href":"https:\/\/golfst-zotique.qc.ca\/en\/wp-json\/wp\/v2\/pages\/1239\/revisions\/1957"}],"wp:featuredmedia":[{"embeddable":true,"href":"https:\/\/golfst-zotique.qc.ca\/en\/wp-json\/wp\/v2\/media\/1405"}],"wp:attachment":[{"href":"https:\/\/golfst-zotique.qc.ca\/en\/wp-json\/wp\/v2\/media?parent=1239"}],"curies":[{"name":"wp","href":"https:\/\/api.w.org\/{rel}","templated":true}]}}